{"id":8,"date":"2025-11-09T14:24:25","date_gmt":"2025-11-09T14:24:25","guid":{"rendered":"https:\/\/aniwy.xyz\/LaRebutja\/?page_id=8"},"modified":"2025-11-13T07:57:18","modified_gmt":"2025-11-13T07:57:18","slug":"qui-som","status":"publish","type":"page","link":"https:\/\/aniwy.xyz\/LaRebutja\/qui-som\/","title":{"rendered":"Qui som?"},"content":{"rendered":"<div id=\"pl-8\"  class=\"panel-layout\" ><div id=\"pg-8-0\"  class=\"panel-grid panel-no-style\" ><div id=\"pgc-8-0-0\"  class=\"panel-grid-cell\" ><div id=\"panel-8-0-0-0\" class=\"so-panel widget widget_sow-editor panel-first-child panel-last-child\" data-index=\"0\" ><div class=\"content-text panel-widget-style panel-widget-style-for-8-0-0-0\" ><div\n\t\t\t\n\t\t\tclass=\"so-widget-sow-editor so-widget-sow-editor-base\"\n\t\t\t\n\t\t>\n<div class=\"siteorigin-widget-tinymce textwidget\">\n\t<p><!-- wp:paragraph --><\/p>\n<p>La Rebutja \u00e9s un setmanari amb l'objectiu de donar veu als alumnes de l'Institut de Llagostera sense filtres arbitraris. Aqu\u00ed es publiquen entrevistes i hist\u00f2ries in\u00e8dites, amb l'intenci\u00f3 de fer que els alumnes se sentin escoltats.<\/p>\n<p><!-- \/wp:paragraph --><\/p>\n<p>&nbsp;<\/p>\n<\/div>\n<\/div><\/div><\/div><\/div><\/div><\/div>","protected":false},"excerpt":{"rendered":"<p>La Rebutja \u00e9s un setmanari amb l&#8217;objectiu de donar veu als alumnes de l&#8217;Institut de Llagostera sense filtres arbitraris. Aqu\u00ed es publiquen entrevistes i hist\u00f2ries in\u00e8dites, amb l&#8217;intenci\u00f3 de fer que els alumnes se sentin escoltats. &nbsp;<\/p>\n","protected":false},"author":1,"featured_media":0,"parent":0,"menu_order":3,"comment_status":"closed","ping_status":"closed","template":"page-nosidebar.php","meta":{"footnotes":""},"class_list":["post-8","page","type-page","status-publish","hentry"],"_links":{"self":[{"href":"https:\/\/aniwy.xyz\/LaRebutja\/wp-json\/wp\/v2\/pages\/8","targetHints":{"allow":["GET"]}}],"collection":[{"href":"https:\/\/aniwy.xyz\/LaRebutja\/wp-json\/wp\/v2\/pages"}],"about":[{"href":"https:\/\/aniwy.xyz\/LaRebutja\/wp-json\/wp\/v2\/types\/page"}],"author":[{"embeddable":true,"href":"https:\/\/aniwy.xyz\/LaRebutja\/wp-json\/wp\/v2\/users\/1"}],"replies":[{"embeddable":true,"href":"https:\/\/aniwy.xyz\/LaRebutja\/wp-json\/wp\/v2\/comments?post=8"}],"version-history":[{"count":6,"href":"https:\/\/aniwy.xyz\/LaRebutja\/wp-json\/wp\/v2\/pages\/8\/revisions"}],"predecessor-version":[{"id":12,"href":"https:\/\/aniwy.xyz\/LaRebutja\/wp-json\/wp\/v2\/pages\/8\/revisions\/12"}],"wp:attachment":[{"href":"https:\/\/aniwy.xyz\/LaRebutja\/wp-json\/wp\/v2\/media?parent=8"}],"curies":[{"name":"wp","href":"https:\/\/api.w.org\/{rel}","templated":true}]}}